{"id":16322,"date":"2018-02-27T09:59:36","date_gmt":"2018-02-27T09:59:36","guid":{"rendered":"https:\/\/logitudeworld.com\/general-features-freight-forwarding-logistics-services\/"},"modified":"2025-07-28T08:26:14","modified_gmt":"2025-07-28T08:26:14","slug":"general-features-freight-forwarding-logistics-services","status":"publish","type":"page","link":"https:\/\/www.logitudeworld.com\/fr\/features-2\/general-features-freight-forwarding-logistics-services\/","title":{"rendered":"Caract\u00e9ristiques g\u00e9n\u00e9rales"},"content":{"rendered":"<h1>General Features of Our Freight Forwarding Services<\/h1>\n<p>Logitude freight forwarding software is available through four plans &#8211; Startup, Economy, Business, and First Class. These plans offer exceptional flexibility, enabling freight forwarding clients of all sizes and needs to harness our state-of-the-art technologies, delivering superior customer convenience, scalability, security and functionality.<\/p>\n<p style=\"text-align: center;\"><iframe src=\"https:\/\/www.youtube.com\/embed\/l6U2TaBQGjs\" width=\"560\" height=\"315\" frameborder=\"0\" allowfullscreen=\"allowfullscreen\"><\/iframe><\/p>\n<p style=\"text-align: center;\">Time: 2:31 <a href=\"https:\/\/logitudeworld.com\/videos\/introduction\/\">Video Transcript<\/a><\/p>\n<h2>Affordable Booking Software for Air &amp; Logistics Freight Forwarders<\/h2>\n<p>Globally, air freight forwarders and logistics freight forwarding companies of all kinds choose Logitude to optimize their operations, maximizing efficiency and reducing costs. Startup is ideal for smaller operations, or companies who want to see how Logitude&#8217;s freight booking system can make their business more efficient and effective, before choosing a plan with more features and capacity. Economy is a step up from Startup, representing a full freight booking system with Email Documents &amp; Reports, Document Printouts, Invoicing, Profit\/Loss Analysis and Business Tools. Business is our most popular plan, providing everything you need for effective freight forwarding. In addition to all Economy features, the Business package means that users get functionality for Quotes, Vendor Invoices, Customer Collection and Balance, External Documents Archives, Shared Logistics with Customers and Free Customization (See terms). First Class is our most comprehensive plan, offering all the features of Business, but with CRM and Outlook Connection features &#8211; enabling you to harmonize your business. Not sure which plan best suits your organization\u2019s needs? Our friendly support team is on hand to answer any queries you have about our software. Once you\u2019ve selected a plan, the same dedicated team will help you with any issues you encounter &#8211; and ensure you get the most out Logitude\u2019s advanced features. .<\/p>\n","protected":false},"excerpt":{"rendered":"<p>General Features of Our Freight Forwarding Services Logitude freight forwarding software is available through four plans &#8211; Startup, Economy, Business, and First Class. These plans offer exceptional flexibility, enabling freight forwarding clients of all sizes and needs to harness our state-of-the-art technologies, delivering superior customer convenience, scalability, security and functionality. Time: 2:31 Video Transcript Affordable [&hellip;]<\/p>\n","protected":false},"author":1,"featured_media":0,"parent":16339,"menu_order":0,"comment_status":"closed","ping_status":"closed","template":"","meta":{"_acf_changed":false,"footnotes":""},"class_list":["post-16322","page","type-page","status-publish","hentry","no-post-thumbnail"],"acf":[],"yoast_head":"<!-- This site is optimized with the Yoast SEO plugin v27.4 - https:\/\/yoast.com\/product\/yoast-seo-wordpress\/ -->\n<title>Nos services - Logiciel d&#039;exp\u00e9dition de fret<\/title>\n<meta name=\"description\" content=\"Le logiciel de gestion du fret enti\u00e8rement automatis\u00e9 pour les transitaires leur permet de proposer un service fluide et s\u00e9curis\u00e9.\" \/>\n<meta name=\"robots\" content=\"index, follow, max-snippet:-1, max-image-preview:large, max-video-preview:-1\" \/>\n<link rel=\"canonical\" href=\"https:\/\/www.logitudeworld.com\/fr\/features-2\/general-features-freight-forwarding-logistics-services\/\" \/>\n<meta property=\"og:locale\" content=\"fr_FR\" \/>\n<meta property=\"og:type\" content=\"article\" \/>\n<meta property=\"og:title\" content=\"Nos services - Logiciel d&#039;exp\u00e9dition de fret\" \/>\n<meta property=\"og:description\" content=\"Le logiciel de gestion du fret enti\u00e8rement automatis\u00e9 pour les transitaires leur permet de proposer un service fluide et s\u00e9curis\u00e9.\" \/>\n<meta property=\"og:url\" content=\"https:\/\/www.logitudeworld.com\/fr\/features-2\/general-features-freight-forwarding-logistics-services\/\" \/>\n<meta property=\"og:site_name\" content=\"Logitude World\" \/>\n<meta property=\"article:publisher\" content=\"https:\/\/www.facebook.com\/Logitudeworld\" \/>\n<meta property=\"article:modified_time\" content=\"2025-07-28T08:26:14+00:00\" \/>\n<meta name=\"twitter:card\" content=\"summary_large_image\" \/>\n<meta name=\"twitter:site\" content=\"@LogitudeWorld\" \/>\n<meta name=\"twitter:label1\" content=\"Dur\u00e9e de lecture estim\u00e9e\" \/>\n\t<meta name=\"twitter:data1\" content=\"2 minutes\" \/>\n<script type=\"application\/ld+json\" class=\"yoast-schema-graph\">{\"@context\":\"https:\\\/\\\/schema.org\",\"@graph\":[{\"@type\":\"WebPage\",\"@id\":\"https:\\\/\\\/www.logitudeworld.com\\\/fr\\\/features-2\\\/general-features-freight-forwarding-logistics-services\\\/\",\"url\":\"https:\\\/\\\/www.logitudeworld.com\\\/fr\\\/features-2\\\/general-features-freight-forwarding-logistics-services\\\/\",\"name\":\"Nos services - Logiciel d'exp\u00e9dition de fret\",\"isPartOf\":{\"@id\":\"https:\\\/\\\/www.logitudeworld.com\\\/fr\\\/#website\"},\"datePublished\":\"2018-02-27T09:59:36+00:00\",\"dateModified\":\"2025-07-28T08:26:14+00:00\",\"description\":\"Le logiciel de gestion du fret enti\u00e8rement automatis\u00e9 pour les transitaires leur permet de proposer un service fluide et s\u00e9curis\u00e9.\",\"breadcrumb\":{\"@id\":\"https:\\\/\\\/www.logitudeworld.com\\\/fr\\\/features-2\\\/general-features-freight-forwarding-logistics-services\\\/#breadcrumb\"},\"inLanguage\":\"fr-FR\",\"potentialAction\":[{\"@type\":\"ReadAction\",\"target\":[\"https:\\\/\\\/www.logitudeworld.com\\\/fr\\\/features-2\\\/general-features-freight-forwarding-logistics-services\\\/\"]}]},{\"@type\":\"BreadcrumbList\",\"@id\":\"https:\\\/\\\/www.logitudeworld.com\\\/fr\\\/features-2\\\/general-features-freight-forwarding-logistics-services\\\/#breadcrumb\",\"itemListElement\":[{\"@type\":\"ListItem\",\"position\":1,\"name\":\"Home\",\"item\":\"https:\\\/\\\/www.logitudeworld.com\\\/fr\\\/\"},{\"@type\":\"ListItem\",\"position\":2,\"name\":\"Compare Our Packages\",\"item\":\"https:\\\/\\\/www.logitudeworld.com\\\/fr\\\/features-2\\\/\"},{\"@type\":\"ListItem\",\"position\":3,\"name\":\"Caract\u00e9ristiques g\u00e9n\u00e9rales\"}]},{\"@type\":\"WebSite\",\"@id\":\"https:\\\/\\\/www.logitudeworld.com\\\/fr\\\/#website\",\"url\":\"https:\\\/\\\/www.logitudeworld.com\\\/fr\\\/\",\"name\":\"Logitude World\",\"description\":\"We push forwarders, forward\",\"publisher\":{\"@id\":\"https:\\\/\\\/www.logitudeworld.com\\\/fr\\\/#organization\"},\"potentialAction\":[{\"@type\":\"SearchAction\",\"target\":{\"@type\":\"EntryPoint\",\"urlTemplate\":\"https:\\\/\\\/www.logitudeworld.com\\\/fr\\\/?s={search_term_string}\"},\"query-input\":{\"@type\":\"PropertyValueSpecification\",\"valueRequired\":true,\"valueName\":\"search_term_string\"}}],\"inLanguage\":\"fr-FR\"},{\"@type\":\"Organization\",\"@id\":\"https:\\\/\\\/www.logitudeworld.com\\\/fr\\\/#organization\",\"name\":\"Logitude World\",\"url\":\"https:\\\/\\\/www.logitudeworld.com\\\/fr\\\/\",\"logo\":{\"@type\":\"ImageObject\",\"inLanguage\":\"fr-FR\",\"@id\":\"https:\\\/\\\/www.logitudeworld.com\\\/fr\\\/#\\\/schema\\\/logo\\\/image\\\/\",\"url\":\"https:\\\/\\\/www.logitudeworld.com\\\/wp-content\\\/uploads\\\/2022\\\/07\\\/stickyl.png\",\"contentUrl\":\"https:\\\/\\\/www.logitudeworld.com\\\/wp-content\\\/uploads\\\/2022\\\/07\\\/stickyl.png\",\"width\":941,\"height\":265,\"caption\":\"Logitude World\"},\"image\":{\"@id\":\"https:\\\/\\\/www.logitudeworld.com\\\/fr\\\/#\\\/schema\\\/logo\\\/image\\\/\"},\"sameAs\":[\"https:\\\/\\\/www.facebook.com\\\/Logitudeworld\",\"https:\\\/\\\/x.com\\\/LogitudeWorld\",\"https:\\\/\\\/www.linkedin.com\\\/company\\\/logitudeworld\\\/\",\"https:\\\/\\\/www.youtube.com\\\/c\\\/LogitudeWorld\"]}]}<\/script>\n<!-- \/ Yoast SEO plugin. -->","yoast_head_json":{"title":"Nos services - Logiciel d'exp\u00e9dition de fret","description":"Le logiciel de gestion du fret enti\u00e8rement automatis\u00e9 pour les transitaires leur permet de proposer un service fluide et s\u00e9curis\u00e9.","robots":{"index":"index","follow":"follow","max-snippet":"max-snippet:-1","max-image-preview":"max-image-preview:large","max-video-preview":"max-video-preview:-1"},"canonical":"https:\/\/www.logitudeworld.com\/fr\/features-2\/general-features-freight-forwarding-logistics-services\/","og_locale":"fr_FR","og_type":"article","og_title":"Nos services - Logiciel d'exp\u00e9dition de fret","og_description":"Le logiciel de gestion du fret enti\u00e8rement automatis\u00e9 pour les transitaires leur permet de proposer un service fluide et s\u00e9curis\u00e9.","og_url":"https:\/\/www.logitudeworld.com\/fr\/features-2\/general-features-freight-forwarding-logistics-services\/","og_site_name":"Logitude World","article_publisher":"https:\/\/www.facebook.com\/Logitudeworld","article_modified_time":"2025-07-28T08:26:14+00:00","twitter_card":"summary_large_image","twitter_site":"@LogitudeWorld","twitter_misc":{"Dur\u00e9e de lecture estim\u00e9e":"2 minutes"},"schema":{"@context":"https:\/\/schema.org","@graph":[{"@type":"WebPage","@id":"https:\/\/www.logitudeworld.com\/fr\/features-2\/general-features-freight-forwarding-logistics-services\/","url":"https:\/\/www.logitudeworld.com\/fr\/features-2\/general-features-freight-forwarding-logistics-services\/","name":"Nos services - Logiciel d'exp\u00e9dition de fret","isPartOf":{"@id":"https:\/\/www.logitudeworld.com\/fr\/#website"},"datePublished":"2018-02-27T09:59:36+00:00","dateModified":"2025-07-28T08:26:14+00:00","description":"Le logiciel de gestion du fret enti\u00e8rement automatis\u00e9 pour les transitaires leur permet de proposer un service fluide et s\u00e9curis\u00e9.","breadcrumb":{"@id":"https:\/\/www.logitudeworld.com\/fr\/features-2\/general-features-freight-forwarding-logistics-services\/#breadcrumb"},"inLanguage":"fr-FR","potentialAction":[{"@type":"ReadAction","target":["https:\/\/www.logitudeworld.com\/fr\/features-2\/general-features-freight-forwarding-logistics-services\/"]}]},{"@type":"BreadcrumbList","@id":"https:\/\/www.logitudeworld.com\/fr\/features-2\/general-features-freight-forwarding-logistics-services\/#breadcrumb","itemListElement":[{"@type":"ListItem","position":1,"name":"Home","item":"https:\/\/www.logitudeworld.com\/fr\/"},{"@type":"ListItem","position":2,"name":"Compare Our Packages","item":"https:\/\/www.logitudeworld.com\/fr\/features-2\/"},{"@type":"ListItem","position":3,"name":"Caract\u00e9ristiques g\u00e9n\u00e9rales"}]},{"@type":"WebSite","@id":"https:\/\/www.logitudeworld.com\/fr\/#website","url":"https:\/\/www.logitudeworld.com\/fr\/","name":"Logitude World","description":"We push forwarders, forward","publisher":{"@id":"https:\/\/www.logitudeworld.com\/fr\/#organization"},"potentialAction":[{"@type":"SearchAction","target":{"@type":"EntryPoint","urlTemplate":"https:\/\/www.logitudeworld.com\/fr\/?s={search_term_string}"},"query-input":{"@type":"PropertyValueSpecification","valueRequired":true,"valueName":"search_term_string"}}],"inLanguage":"fr-FR"},{"@type":"Organization","@id":"https:\/\/www.logitudeworld.com\/fr\/#organization","name":"Logitude World","url":"https:\/\/www.logitudeworld.com\/fr\/","logo":{"@type":"ImageObject","inLanguage":"fr-FR","@id":"https:\/\/www.logitudeworld.com\/fr\/#\/schema\/logo\/image\/","url":"https:\/\/www.logitudeworld.com\/wp-content\/uploads\/2022\/07\/stickyl.png","contentUrl":"https:\/\/www.logitudeworld.com\/wp-content\/uploads\/2022\/07\/stickyl.png","width":941,"height":265,"caption":"Logitude World"},"image":{"@id":"https:\/\/www.logitudeworld.com\/fr\/#\/schema\/logo\/image\/"},"sameAs":["https:\/\/www.facebook.com\/Logitudeworld","https:\/\/x.com\/LogitudeWorld","https:\/\/www.linkedin.com\/company\/logitudeworld\/","https:\/\/www.youtube.com\/c\/LogitudeWorld"]}]}},"_links":{"self":[{"href":"https:\/\/www.logitudeworld.com\/fr\/wp-json\/wp\/v2\/pages\/16322","targetHints":{"allow":["GET"]}}],"collection":[{"href":"https:\/\/www.logitudeworld.com\/fr\/wp-json\/wp\/v2\/pages"}],"about":[{"href":"https:\/\/www.logitudeworld.com\/fr\/wp-json\/wp\/v2\/types\/page"}],"author":[{"embeddable":true,"href":"https:\/\/www.logitudeworld.com\/fr\/wp-json\/wp\/v2\/users\/1"}],"replies":[{"embeddable":true,"href":"https:\/\/www.logitudeworld.com\/fr\/wp-json\/wp\/v2\/comments?post=16322"}],"version-history":[{"count":1,"href":"https:\/\/www.logitudeworld.com\/fr\/wp-json\/wp\/v2\/pages\/16322\/revisions"}],"predecessor-version":[{"id":27760,"href":"https:\/\/www.logitudeworld.com\/fr\/wp-json\/wp\/v2\/pages\/16322\/revisions\/27760"}],"up":[{"embeddable":true,"href":"https:\/\/www.logitudeworld.com\/fr\/wp-json\/wp\/v2\/pages\/16339"}],"wp:attachment":[{"href":"https:\/\/www.logitudeworld.com\/fr\/wp-json\/wp\/v2\/media?parent=16322"}],"curies":[{"name":"wp","href":"https:\/\/api.w.org\/{rel}","templated":true}]}}