{"id":16316,"date":"2018-02-27T10:36:18","date_gmt":"2018-02-27T10:36:18","guid":{"rendered":"https:\/\/logitudeworld.com\/personalization-customization-freight-forwarding-software\/"},"modified":"2025-07-28T07:35:37","modified_gmt":"2025-07-28T07:35:37","slug":"personalization-customization-freight-forwarding-software","status":"publish","type":"page","link":"https:\/\/www.logitudeworld.com\/fr\/features-2\/personalization-customization-freight-forwarding-software\/","title":{"rendered":"Personnalisation et personnalisation"},"content":{"rendered":"<h1>Personalization and Customization of Freight Forwarding Software<\/h1>\n<p>Logitude&#8217;s four plans offer an array of advanced Personalization and Customization features, with an option for every user&#8217;s budget and operation requirements. Such features further exemplify how customizable Logitude freight forwarding software is, boosting efficiency and productivity and offering exceptional flexibility and scalability.<br \/>\nThe two top-tier plans, Business and First Class, include the full range of features, including Customize Data Entry, which enables customizations such as adding, removing and repositioning fields.<br \/>\nBusiness and First Class also include Rules for Mandatory Fields and Validation; Create Email Templates \u2013 which ensures standardized content for customers and partners; and Add Documents for Editing and Printing.<\/p>\n<p style=\"text-align: center;\"><iframe src=\"https:\/\/www.youtube.com\/embed\/0t_CgfOusxA\" width=\"560\" height=\"315\" frameborder=\"0\" allowfullscreen=\"allowfullscreen\"><\/iframe><\/p>\n<p style=\"text-align: center;\">Time: 2:42\u00a0<a href=\"https:\/\/logitudeworld.com\/business-tools\/\">Video Transcript<\/a><\/p>\n<h2>Plan-Wide Features<\/h2>\n<p>All four of our freight forwarding software plans come with full access to Personalize Queries; Export to Excel; Build Queries from Scratch; Add Queries to Your Personal Workspace; and Custom Fields in Documents.<br \/>\nEvery plan is available on a monthly or an annual billing cycle. Monthly payments give you great flexibility with no commitment, while annual payments offer excellent cost savings.<\/p>\n<h2>Customizable Freight Forwarding Software<\/h2>\n<p>Logitude&#8217;s Personalization and Customization features demonstrate the high level of control that your organization can affect over the full freight forwarding lifecycle, supporting internal efficiency, customer convenience, scalability, security and functionality.<br \/>\nIf you want more information on how these easy-to-use features can help boost your team&#8217;s productivity and efficiency, contact our friendly support team today<br \/>\n<a href=\"https:\/\/logitudeworld.com\/sign-up\/\">Click here to trial Logitude for free!<\/a><\/p>\n","protected":false},"excerpt":{"rendered":"<p>Personalization and Customization of Freight Forwarding Software Logitude&#8217;s four plans offer an array of advanced Personalization and Customization features, with an option for every user&#8217;s budget and operation requirements. Such features further exemplify how customizable Logitude freight forwarding software is, boosting efficiency and productivity and offering exceptional flexibility and scalability. The two top-tier plans, Business [&hellip;]<\/p>\n","protected":false},"author":1,"featured_media":0,"parent":16339,"menu_order":0,"comment_status":"closed","ping_status":"closed","template":"","meta":{"_acf_changed":false,"footnotes":""},"class_list":["post-16316","page","type-page","status-publish","hentry","no-post-thumbnail"],"acf":[],"yoast_head":"<!-- This site is optimized with the Yoast SEO plugin v27.3 - https:\/\/yoast.com\/product\/yoast-seo-wordpress\/ -->\n<title>Logiciel d&#039;exp\u00e9dition de fret personnalis\u00e9 pour votre entreprise<\/title>\n<meta name=\"description\" content=\"Le logiciel d&#039;exp\u00e9dition Logitude vous offre un contr\u00f4le total sur vos op\u00e9rations, alliant efficacit\u00e9, simplicit\u00e9 et s\u00e9curit\u00e9.\" \/>\n<meta name=\"robots\" content=\"index, follow, max-snippet:-1, max-image-preview:large, max-video-preview:-1\" \/>\n<link rel=\"canonical\" href=\"https:\/\/www.logitudeworld.com\/fr\/features-2\/personalization-customization-freight-forwarding-software\/\" \/>\n<meta property=\"og:locale\" content=\"fr_FR\" \/>\n<meta property=\"og:type\" content=\"article\" \/>\n<meta property=\"og:title\" content=\"Logiciel d&#039;exp\u00e9dition de fret personnalis\u00e9 pour votre entreprise\" \/>\n<meta property=\"og:description\" content=\"Le logiciel d&#039;exp\u00e9dition Logitude vous offre un contr\u00f4le total sur vos op\u00e9rations, alliant efficacit\u00e9, simplicit\u00e9 et s\u00e9curit\u00e9.\" \/>\n<meta property=\"og:url\" content=\"https:\/\/www.logitudeworld.com\/fr\/features-2\/personalization-customization-freight-forwarding-software\/\" \/>\n<meta property=\"og:site_name\" content=\"Logitude World\" \/>\n<meta property=\"article:publisher\" content=\"https:\/\/www.facebook.com\/Logitudeworld\" \/>\n<meta property=\"article:modified_time\" content=\"2025-07-28T07:35:37+00:00\" \/>\n<meta name=\"twitter:card\" content=\"summary_large_image\" \/>\n<meta name=\"twitter:site\" content=\"@LogitudeWorld\" \/>\n<meta name=\"twitter:label1\" content=\"Dur\u00e9e de lecture estim\u00e9e\" \/>\n\t<meta name=\"twitter:data1\" content=\"2 minutes\" \/>\n<script type=\"application\/ld+json\" class=\"yoast-schema-graph\">{\"@context\":\"https:\\\/\\\/schema.org\",\"@graph\":[{\"@type\":\"WebPage\",\"@id\":\"https:\\\/\\\/www.logitudeworld.com\\\/fr\\\/features-2\\\/personalization-customization-freight-forwarding-software\\\/\",\"url\":\"https:\\\/\\\/www.logitudeworld.com\\\/fr\\\/features-2\\\/personalization-customization-freight-forwarding-software\\\/\",\"name\":\"Logiciel d'exp\u00e9dition de fret personnalis\u00e9 pour votre entreprise\",\"isPartOf\":{\"@id\":\"https:\\\/\\\/www.logitudeworld.com\\\/fr\\\/#website\"},\"datePublished\":\"2018-02-27T10:36:18+00:00\",\"dateModified\":\"2025-07-28T07:35:37+00:00\",\"description\":\"Le logiciel d'exp\u00e9dition Logitude vous offre un contr\u00f4le total sur vos op\u00e9rations, alliant efficacit\u00e9, simplicit\u00e9 et s\u00e9curit\u00e9.\",\"breadcrumb\":{\"@id\":\"https:\\\/\\\/www.logitudeworld.com\\\/fr\\\/features-2\\\/personalization-customization-freight-forwarding-software\\\/#breadcrumb\"},\"inLanguage\":\"fr-FR\",\"potentialAction\":[{\"@type\":\"ReadAction\",\"target\":[\"https:\\\/\\\/www.logitudeworld.com\\\/fr\\\/features-2\\\/personalization-customization-freight-forwarding-software\\\/\"]}]},{\"@type\":\"BreadcrumbList\",\"@id\":\"https:\\\/\\\/www.logitudeworld.com\\\/fr\\\/features-2\\\/personalization-customization-freight-forwarding-software\\\/#breadcrumb\",\"itemListElement\":[{\"@type\":\"ListItem\",\"position\":1,\"name\":\"Home\",\"item\":\"https:\\\/\\\/www.logitudeworld.com\\\/fr\\\/\"},{\"@type\":\"ListItem\",\"position\":2,\"name\":\"Compare Our Packages\",\"item\":\"https:\\\/\\\/www.logitudeworld.com\\\/fr\\\/features-2\\\/\"},{\"@type\":\"ListItem\",\"position\":3,\"name\":\"Personnalisation et personnalisation\"}]},{\"@type\":\"WebSite\",\"@id\":\"https:\\\/\\\/www.logitudeworld.com\\\/fr\\\/#website\",\"url\":\"https:\\\/\\\/www.logitudeworld.com\\\/fr\\\/\",\"name\":\"Logitude World\",\"description\":\"We push forwarders, forward\",\"publisher\":{\"@id\":\"https:\\\/\\\/www.logitudeworld.com\\\/fr\\\/#organization\"},\"potentialAction\":[{\"@type\":\"SearchAction\",\"target\":{\"@type\":\"EntryPoint\",\"urlTemplate\":\"https:\\\/\\\/www.logitudeworld.com\\\/fr\\\/?s={search_term_string}\"},\"query-input\":{\"@type\":\"PropertyValueSpecification\",\"valueRequired\":true,\"valueName\":\"search_term_string\"}}],\"inLanguage\":\"fr-FR\"},{\"@type\":\"Organization\",\"@id\":\"https:\\\/\\\/www.logitudeworld.com\\\/fr\\\/#organization\",\"name\":\"Logitude World\",\"url\":\"https:\\\/\\\/www.logitudeworld.com\\\/fr\\\/\",\"logo\":{\"@type\":\"ImageObject\",\"inLanguage\":\"fr-FR\",\"@id\":\"https:\\\/\\\/www.logitudeworld.com\\\/fr\\\/#\\\/schema\\\/logo\\\/image\\\/\",\"url\":\"https:\\\/\\\/www.logitudeworld.com\\\/wp-content\\\/uploads\\\/2022\\\/07\\\/stickyl.png\",\"contentUrl\":\"https:\\\/\\\/www.logitudeworld.com\\\/wp-content\\\/uploads\\\/2022\\\/07\\\/stickyl.png\",\"width\":941,\"height\":265,\"caption\":\"Logitude World\"},\"image\":{\"@id\":\"https:\\\/\\\/www.logitudeworld.com\\\/fr\\\/#\\\/schema\\\/logo\\\/image\\\/\"},\"sameAs\":[\"https:\\\/\\\/www.facebook.com\\\/Logitudeworld\",\"https:\\\/\\\/x.com\\\/LogitudeWorld\",\"https:\\\/\\\/www.linkedin.com\\\/company\\\/logitudeworld\\\/\",\"https:\\\/\\\/www.youtube.com\\\/c\\\/LogitudeWorld\"]}]}<\/script>\n<!-- \/ Yoast SEO plugin. -->","yoast_head_json":{"title":"Logiciel d'exp\u00e9dition de fret personnalis\u00e9 pour votre entreprise","description":"Le logiciel d'exp\u00e9dition Logitude vous offre un contr\u00f4le total sur vos op\u00e9rations, alliant efficacit\u00e9, simplicit\u00e9 et s\u00e9curit\u00e9.","robots":{"index":"index","follow":"follow","max-snippet":"max-snippet:-1","max-image-preview":"max-image-preview:large","max-video-preview":"max-video-preview:-1"},"canonical":"https:\/\/www.logitudeworld.com\/fr\/features-2\/personalization-customization-freight-forwarding-software\/","og_locale":"fr_FR","og_type":"article","og_title":"Logiciel d'exp\u00e9dition de fret personnalis\u00e9 pour votre entreprise","og_description":"Le logiciel d'exp\u00e9dition Logitude vous offre un contr\u00f4le total sur vos op\u00e9rations, alliant efficacit\u00e9, simplicit\u00e9 et s\u00e9curit\u00e9.","og_url":"https:\/\/www.logitudeworld.com\/fr\/features-2\/personalization-customization-freight-forwarding-software\/","og_site_name":"Logitude World","article_publisher":"https:\/\/www.facebook.com\/Logitudeworld","article_modified_time":"2025-07-28T07:35:37+00:00","twitter_card":"summary_large_image","twitter_site":"@LogitudeWorld","twitter_misc":{"Dur\u00e9e de lecture estim\u00e9e":"2 minutes"},"schema":{"@context":"https:\/\/schema.org","@graph":[{"@type":"WebPage","@id":"https:\/\/www.logitudeworld.com\/fr\/features-2\/personalization-customization-freight-forwarding-software\/","url":"https:\/\/www.logitudeworld.com\/fr\/features-2\/personalization-customization-freight-forwarding-software\/","name":"Logiciel d'exp\u00e9dition de fret personnalis\u00e9 pour votre entreprise","isPartOf":{"@id":"https:\/\/www.logitudeworld.com\/fr\/#website"},"datePublished":"2018-02-27T10:36:18+00:00","dateModified":"2025-07-28T07:35:37+00:00","description":"Le logiciel d'exp\u00e9dition Logitude vous offre un contr\u00f4le total sur vos op\u00e9rations, alliant efficacit\u00e9, simplicit\u00e9 et s\u00e9curit\u00e9.","breadcrumb":{"@id":"https:\/\/www.logitudeworld.com\/fr\/features-2\/personalization-customization-freight-forwarding-software\/#breadcrumb"},"inLanguage":"fr-FR","potentialAction":[{"@type":"ReadAction","target":["https:\/\/www.logitudeworld.com\/fr\/features-2\/personalization-customization-freight-forwarding-software\/"]}]},{"@type":"BreadcrumbList","@id":"https:\/\/www.logitudeworld.com\/fr\/features-2\/personalization-customization-freight-forwarding-software\/#breadcrumb","itemListElement":[{"@type":"ListItem","position":1,"name":"Home","item":"https:\/\/www.logitudeworld.com\/fr\/"},{"@type":"ListItem","position":2,"name":"Compare Our Packages","item":"https:\/\/www.logitudeworld.com\/fr\/features-2\/"},{"@type":"ListItem","position":3,"name":"Personnalisation et personnalisation"}]},{"@type":"WebSite","@id":"https:\/\/www.logitudeworld.com\/fr\/#website","url":"https:\/\/www.logitudeworld.com\/fr\/","name":"Logitude World","description":"We push forwarders, forward","publisher":{"@id":"https:\/\/www.logitudeworld.com\/fr\/#organization"},"potentialAction":[{"@type":"SearchAction","target":{"@type":"EntryPoint","urlTemplate":"https:\/\/www.logitudeworld.com\/fr\/?s={search_term_string}"},"query-input":{"@type":"PropertyValueSpecification","valueRequired":true,"valueName":"search_term_string"}}],"inLanguage":"fr-FR"},{"@type":"Organization","@id":"https:\/\/www.logitudeworld.com\/fr\/#organization","name":"Logitude World","url":"https:\/\/www.logitudeworld.com\/fr\/","logo":{"@type":"ImageObject","inLanguage":"fr-FR","@id":"https:\/\/www.logitudeworld.com\/fr\/#\/schema\/logo\/image\/","url":"https:\/\/www.logitudeworld.com\/wp-content\/uploads\/2022\/07\/stickyl.png","contentUrl":"https:\/\/www.logitudeworld.com\/wp-content\/uploads\/2022\/07\/stickyl.png","width":941,"height":265,"caption":"Logitude World"},"image":{"@id":"https:\/\/www.logitudeworld.com\/fr\/#\/schema\/logo\/image\/"},"sameAs":["https:\/\/www.facebook.com\/Logitudeworld","https:\/\/x.com\/LogitudeWorld","https:\/\/www.linkedin.com\/company\/logitudeworld\/","https:\/\/www.youtube.com\/c\/LogitudeWorld"]}]}},"_links":{"self":[{"href":"https:\/\/www.logitudeworld.com\/fr\/wp-json\/wp\/v2\/pages\/16316","targetHints":{"allow":["GET"]}}],"collection":[{"href":"https:\/\/www.logitudeworld.com\/fr\/wp-json\/wp\/v2\/pages"}],"about":[{"href":"https:\/\/www.logitudeworld.com\/fr\/wp-json\/wp\/v2\/types\/page"}],"author":[{"embeddable":true,"href":"https:\/\/www.logitudeworld.com\/fr\/wp-json\/wp\/v2\/users\/1"}],"replies":[{"embeddable":true,"href":"https:\/\/www.logitudeworld.com\/fr\/wp-json\/wp\/v2\/comments?post=16316"}],"version-history":[{"count":2,"href":"https:\/\/www.logitudeworld.com\/fr\/wp-json\/wp\/v2\/pages\/16316\/revisions"}],"predecessor-version":[{"id":27769,"href":"https:\/\/www.logitudeworld.com\/fr\/wp-json\/wp\/v2\/pages\/16316\/revisions\/27769"}],"up":[{"embeddable":true,"href":"https:\/\/www.logitudeworld.com\/fr\/wp-json\/wp\/v2\/pages\/16339"}],"wp:attachment":[{"href":"https:\/\/www.logitudeworld.com\/fr\/wp-json\/wp\/v2\/media?parent=16316"}],"curies":[{"name":"wp","href":"https:\/\/api.w.org\/{rel}","templated":true}]}}